{"id":1796,"date":"2025-01-29T11:48:59","date_gmt":"2025-01-29T10:48:59","guid":{"rendered":"https:\/\/blogs.santosochoa.es\/salamanca\/?page_id=1796"},"modified":"2025-01-29T11:49:00","modified_gmt":"2025-01-29T10:49:00","slug":"contacto","status":"publish","type":"page","link":"https:\/\/blogs.santosochoa.es\/salamanca\/contacto\/","title":{"rendered":"Contacto"},"content":{"rendered":"\n<h2 class=\"wp-block-heading\">Librer\u00edas Santos Ochoa Salamanca<\/h2>\n\n\n\n<p><strong>Gran V\u00eda, 10-12 \/ Bermejeros, 42<\/strong><br><strong>923 09 09 48<\/strong>&nbsp;\u2013 salamanca.gv@santosochoa.es<br>De lunes a s\u00e1bados: de 10:00 a 14 y de 17:00 a 21 h.<br>(En verano, s\u00e1bados por la tarde cerrado)<\/p>\n\n\n\n<p><strong>Plaza de Espa\u00f1a, 3<\/strong><br><strong>923 09 09 47<\/strong>&nbsp;\u2013 salamanca.pe@santosochoa.es<br>De lunes a s\u00e1bados: de 10:00 a 14 y de 17:00 a 21 h.<br>(En verano, s\u00e1bados por la tarde cerrado)<\/p>\n\n\n\n<p><strong>Zamora, 49<\/strong><br><strong>923 32 72 14<\/strong>\u00a0\u2013 salamanca.za@santosochoa.es<br>De lunes a s\u00e1bados: de 10:00 a 14 y de 17:00 a 21 h.<br>(En verano, s\u00e1bados por la tarde cerrado)<\/p>\n\n\n\n<div style=\"height:61px\" aria-hidden=\"true\" class=\"wp-block-spacer\"><\/div>\n\n\n\n<h3 class=\"wp-block-heading\"><strong>Si quieres organizar una presentaci\u00f3n, una charla, un cuentacuentos&#8230;\u00a0<\/strong><\/h3>\n\n\n\n<p>Escribe a agenda@santosochoa.es y cu\u00e9ntanos tu propuesta (autor, t\u00edtulo, editorial y por qu\u00e9 quieres presentarlo en Santos Ochoa Salamanca). \u00a1Muchas gracias!<\/p>\n","protected":false},"excerpt":{"rendered":"<p>Librer\u00edas Santos Ochoa Salamanca Gran V\u00eda, 10-12 \/ Bermejeros, 42923 09 09 48&nbsp;\u2013 salamanca.gv@santosochoa.esDe lunes a s\u00e1bados: de 10:00 a 14 y de 17:00 a 21 h.(En verano, s\u00e1bados por la tarde cerrado) Plaza de Espa\u00f1a, 3923 09 09 47&nbsp;\u2013 salamanca.pe@santosochoa.esDe lunes a s\u00e1bados: de 10:00 a 14 y de 17:00 a 21 h.(En verano, [&hellip;]<\/p>\n","protected":false},"author":2,"featured_media":0,"parent":0,"menu_order":0,"comment_status":"closed","ping_status":"closed","template":"","meta":{"footnotes":""},"class_list":["post-1796","page","type-page","status-publish","hentry"],"yoast_head":"<!-- This site is optimized with the Yoast SEO plugin v27.2 - https:\/\/yoast.com\/product\/yoast-seo-wordpress\/ -->\n<title>Contacto - Santos Ochoa Salamanca<\/title>\n<meta name=\"robots\" content=\"index, follow, max-snippet:-1, max-image-preview:large, max-video-preview:-1\" \/>\n<link rel=\"canonical\" href=\"https:\/\/blogs.santosochoa.es\/salamanca\/contacto\/\" \/>\n<meta property=\"og:locale\" content=\"es_ES\" \/>\n<meta property=\"og:type\" content=\"article\" \/>\n<meta property=\"og:title\" content=\"Contacto - Santos Ochoa Salamanca\" \/>\n<meta property=\"og:description\" content=\"Librer\u00edas Santos Ochoa Salamanca Gran V\u00eda, 10-12 \/ Bermejeros, 42923 09 09 48&nbsp;\u2013 salamanca.gv@santosochoa.esDe lunes a s\u00e1bados: de 10:00 a 14 y de 17:00 a 21 h.(En verano, s\u00e1bados por la tarde cerrado) Plaza de Espa\u00f1a, 3923 09 09 47&nbsp;\u2013 salamanca.pe@santosochoa.esDe lunes a s\u00e1bados: de 10:00 a 14 y de 17:00 a 21 h.(En verano, [&hellip;]\" \/>\n<meta property=\"og:url\" content=\"https:\/\/blogs.santosochoa.es\/salamanca\/contacto\/\" \/>\n<meta property=\"og:site_name\" content=\"Santos Ochoa Salamanca\" \/>\n<meta property=\"article:modified_time\" content=\"2025-01-29T10:49:00+00:00\" \/>\n<meta name=\"twitter:card\" content=\"summary_large_image\" \/>\n<meta name=\"twitter:label1\" content=\"Est. reading time\" \/>\n\t<meta name=\"twitter:data1\" content=\"1 minuto\" \/>\n<script type=\"application\/ld+json\" class=\"yoast-schema-graph\">{\"@context\":\"https:\/\/schema.org\",\"@graph\":[{\"@type\":\"WebPage\",\"@id\":\"https:\/\/blogs.santosochoa.es\/salamanca\/contacto\/\",\"url\":\"https:\/\/blogs.santosochoa.es\/salamanca\/contacto\/\",\"name\":\"Contacto - Santos Ochoa Salamanca\",\"isPartOf\":{\"@id\":\"https:\/\/blogs.santosochoa.es\/salamanca\/#website\"},\"datePublished\":\"2025-01-29T10:48:59+00:00\",\"dateModified\":\"2025-01-29T10:49:00+00:00\",\"breadcrumb\":{\"@id\":\"https:\/\/blogs.santosochoa.es\/salamanca\/contacto\/#breadcrumb\"},\"inLanguage\":\"es\",\"potentialAction\":[{\"@type\":\"ReadAction\",\"target\":[\"https:\/\/blogs.santosochoa.es\/salamanca\/contacto\/\"]}]},{\"@type\":\"BreadcrumbList\",\"@id\":\"https:\/\/blogs.santosochoa.es\/salamanca\/contacto\/#breadcrumb\",\"itemListElement\":[{\"@type\":\"ListItem\",\"position\":1,\"name\":\"Home\",\"item\":\"https:\/\/blogs.santosochoa.es\/salamanca\/\"},{\"@type\":\"ListItem\",\"position\":2,\"name\":\"Contacto\"}]},{\"@type\":\"WebSite\",\"@id\":\"https:\/\/blogs.santosochoa.es\/salamanca\/#website\",\"url\":\"https:\/\/blogs.santosochoa.es\/salamanca\/\",\"name\":\"Santos Ochoa Salamanca\",\"description\":\"Tu Librer\u00eda Online\",\"potentialAction\":[{\"@type\":\"SearchAction\",\"target\":{\"@type\":\"EntryPoint\",\"urlTemplate\":\"https:\/\/blogs.santosochoa.es\/salamanca\/?s={search_term_string}\"},\"query-input\":{\"@type\":\"PropertyValueSpecification\",\"valueRequired\":true,\"valueName\":\"search_term_string\"}}],\"inLanguage\":\"es\"}]}<\/script>\n<!-- \/ Yoast SEO plugin. -->","yoast_head_json":{"title":"Contacto - Santos Ochoa Salamanca","robots":{"index":"index","follow":"follow","max-snippet":"max-snippet:-1","max-image-preview":"max-image-preview:large","max-video-preview":"max-video-preview:-1"},"canonical":"https:\/\/blogs.santosochoa.es\/salamanca\/contacto\/","og_locale":"es_ES","og_type":"article","og_title":"Contacto - Santos Ochoa Salamanca","og_description":"Librer\u00edas Santos Ochoa Salamanca Gran V\u00eda, 10-12 \/ Bermejeros, 42923 09 09 48&nbsp;\u2013 salamanca.gv@santosochoa.esDe lunes a s\u00e1bados: de 10:00 a 14 y de 17:00 a 21 h.(En verano, s\u00e1bados por la tarde cerrado) Plaza de Espa\u00f1a, 3923 09 09 47&nbsp;\u2013 salamanca.pe@santosochoa.esDe lunes a s\u00e1bados: de 10:00 a 14 y de 17:00 a 21 h.(En verano, [&hellip;]","og_url":"https:\/\/blogs.santosochoa.es\/salamanca\/contacto\/","og_site_name":"Santos Ochoa Salamanca","article_modified_time":"2025-01-29T10:49:00+00:00","twitter_card":"summary_large_image","twitter_misc":{"Est. reading time":"1 minuto"},"schema":{"@context":"https:\/\/schema.org","@graph":[{"@type":"WebPage","@id":"https:\/\/blogs.santosochoa.es\/salamanca\/contacto\/","url":"https:\/\/blogs.santosochoa.es\/salamanca\/contacto\/","name":"Contacto - Santos Ochoa Salamanca","isPartOf":{"@id":"https:\/\/blogs.santosochoa.es\/salamanca\/#website"},"datePublished":"2025-01-29T10:48:59+00:00","dateModified":"2025-01-29T10:49:00+00:00","breadcrumb":{"@id":"https:\/\/blogs.santosochoa.es\/salamanca\/contacto\/#breadcrumb"},"inLanguage":"es","potentialAction":[{"@type":"ReadAction","target":["https:\/\/blogs.santosochoa.es\/salamanca\/contacto\/"]}]},{"@type":"BreadcrumbList","@id":"https:\/\/blogs.santosochoa.es\/salamanca\/contacto\/#breadcrumb","itemListElement":[{"@type":"ListItem","position":1,"name":"Home","item":"https:\/\/blogs.santosochoa.es\/salamanca\/"},{"@type":"ListItem","position":2,"name":"Contacto"}]},{"@type":"WebSite","@id":"https:\/\/blogs.santosochoa.es\/salamanca\/#website","url":"https:\/\/blogs.santosochoa.es\/salamanca\/","name":"Santos Ochoa Salamanca","description":"Tu Librer\u00eda Online","potentialAction":[{"@type":"SearchAction","target":{"@type":"EntryPoint","urlTemplate":"https:\/\/blogs.santosochoa.es\/salamanca\/?s={search_term_string}"},"query-input":{"@type":"PropertyValueSpecification","valueRequired":true,"valueName":"search_term_string"}}],"inLanguage":"es"}]}},"_links":{"self":[{"href":"https:\/\/blogs.santosochoa.es\/salamanca\/wp-json\/wp\/v2\/pages\/1796","targetHints":{"allow":["GET"]}}],"collection":[{"href":"https:\/\/blogs.santosochoa.es\/salamanca\/wp-json\/wp\/v2\/pages"}],"about":[{"href":"https:\/\/blogs.santosochoa.es\/salamanca\/wp-json\/wp\/v2\/types\/page"}],"author":[{"embeddable":true,"href":"https:\/\/blogs.santosochoa.es\/salamanca\/wp-json\/wp\/v2\/users\/2"}],"replies":[{"embeddable":true,"href":"https:\/\/blogs.santosochoa.es\/salamanca\/wp-json\/wp\/v2\/comments?post=1796"}],"version-history":[{"count":4,"href":"https:\/\/blogs.santosochoa.es\/salamanca\/wp-json\/wp\/v2\/pages\/1796\/revisions"}],"predecessor-version":[{"id":1800,"href":"https:\/\/blogs.santosochoa.es\/salamanca\/wp-json\/wp\/v2\/pages\/1796\/revisions\/1800"}],"wp:attachment":[{"href":"https:\/\/blogs.santosochoa.es\/salamanca\/wp-json\/wp\/v2\/media?parent=1796"}],"curies":[{"name":"wp","href":"https:\/\/api.w.org\/{rel}","templated":true}]}}