{"id":604,"date":"2018-10-17T16:11:48","date_gmt":"2018-10-17T14:11:48","guid":{"rendered":"https:\/\/blogs.santosochoa.es\/logrono\/?page_id=604"},"modified":"2026-03-24T13:54:29","modified_gmt":"2026-03-24T12:54:29","slug":"charla-con-el-autor","status":"publish","type":"page","link":"https:\/\/blogs.santosochoa.es\/logrono\/charla-con-el-autor\/","title":{"rendered":"[Charla con el Autor]"},"content":{"rendered":"\n<h3 class=\"wp-block-heading\"><strong>Una vez al mes (m\u00e1s o menos) quedamos con un escritor para charlar sobre su \u00faltimo libro. Hablamos de la trama, el estilo, los personajes y las curiosidades de la novela pero (tranquilidad) no destripamos la historia ni hacemos spoilers.<\/strong><\/h3>\n\n\n\n<p><em>Charla con el Autor<\/em> es un encuentro en el que comentamos novelas de diferentes g\u00e9neros, conocemos a escritores consagrados o descubrimos nuevos talentos. Anunciamos cada encuentro con antelaci\u00f3n para que (si te apetece) puedas leer el libro sin pasar mucho sue\u00f1o, o pas\u00e1ndolo, all\u00e1 cada cual \ud83d\ude09<\/p>\n\n\n\n<p><a href=\"https:\/\/goo.gl\/forms\/R9MrZdatLBzGTdcg2\" target=\"_blank\" rel=\"noreferrer noopener\">Si te apetece leer con nosotros, ap\u00fantate pinchando aqu\u00ed.<\/a><\/p>\n\n\n\n<div style=\"height:30px\" aria-hidden=\"true\" class=\"wp-block-spacer\"><\/div>\n\n\n\n<h3 class=\"wp-block-heading\">En abril, Sergio del Molino, Pepe M\u00fcller y Ane Odriozola.<\/h3>\n\n\n\n<div style=\"height:25px\" aria-hidden=\"true\" class=\"wp-block-spacer\"><\/div>\n\n\n\n<h2 class=\"wp-block-heading\"><strong>Sergio del Molino y <em>La hija<\/em>. La historia de Rosario Weiss, oculta tras el mito de Goya.<\/strong><\/h2>\n\n\n\n<h3 class=\"wp-block-heading\"><strong>\ud83d\udcc5\u200b <strong>Martes 7 de abril | 19:00 h.<\/strong><\/strong><\/h3>\n\n\n\n<h4 class=\"wp-block-heading\">\ud83d\udccc\u200b Santos Ochoa (Calvo Sotelo, 19. Logro\u00f1o)<\/h4>\n\n\n\n<p><strong>\u25b6\ufe0f Y en YouTube:<\/strong>&nbsp;<a href=\"https:\/\/www.youtube.com\/c\/SantosOchoaLibros\" target=\"_blank\" rel=\"noreferrer noopener\">youtube.com\/c\/SantosOchoaLibros<\/a><\/p>\n\n\n<div class=\"wp-block-image\">\n<figure class=\"alignright size-full is-resized\"><img loading=\"lazy\" decoding=\"async\" width=\"700\" height=\"1107\" src=\"https:\/\/blogs.santosochoa.es\/logrono\/wp-content\/uploads\/sites\/2\/2026\/03\/la-hija_Sergio-Del-Molino.jpg\" alt=\"\" class=\"wp-image-5116\" style=\"width:100px\" srcset=\"https:\/\/blogs.santosochoa.es\/logrono\/wp-content\/uploads\/sites\/2\/2026\/03\/la-hija_Sergio-Del-Molino.jpg 700w, https:\/\/blogs.santosochoa.es\/logrono\/wp-content\/uploads\/sites\/2\/2026\/03\/la-hija_Sergio-Del-Molino-190x300.jpg 190w, https:\/\/blogs.santosochoa.es\/logrono\/wp-content\/uploads\/sites\/2\/2026\/03\/la-hija_Sergio-Del-Molino-648x1024.jpg 648w\" sizes=\"auto, (max-width: 700px) 100vw, 700px\" \/><\/figure>\n<\/div>\n\n\n<p>Con Miguel \u00c1ngel Muro Munilla.<\/p>\n\n\n\n<p><em>\u00abSergio del Molino mira donde nadie mira y por eso ve lo que nadie ve. Y lo cuenta con trazo de escritor grande\u00bb. <\/em>I\u00f1aki Gabilondo<\/p>\n\n\n\n<p><strong>Juan Antonio Rasc\u00f3n llega a Par\u00eds en 1878 para ver unos cuadros de Goya que resultan ser las pinturas negras de la quinta madrile\u00f1a del artista. Al examinarlas, vuelve a \u00e9l la memoria de Rosario Weiss, de quien estuvo enamorado en su juventud. La joven creci\u00f3 junto a Goya y aprendi\u00f3 de \u00e9l, pero por encima de todo, fue la hija que lo acompa\u00f1\u00f3 hasta sus \u00faltimos d\u00edas; sin embargo, tras la muerte del pintor, qued\u00f3 relegada durante d\u00e9cadas, borrada tanto por su condici\u00f3n de mujer como por la voluntad colectiva de conservar intacto el mito goyesco.<\/strong><\/p>\n\n\n\n<div style=\"height:30px\" aria-hidden=\"true\" class=\"wp-block-spacer\"><\/div>\n\n\n\n<h2 class=\"wp-block-heading\"><strong>Pepe M\u00fcller y <em>Tierra roja<\/em>. Un thriller trepidante ambientado en el universo del vino<\/strong>.<\/h2>\n\n\n\n<h3 class=\"wp-block-heading\"><strong>\ud83d\udcc5\u200b <strong>Jueves 16 de abril | 19:00 h.<\/strong><\/strong><\/h3>\n\n\n\n<h4 class=\"wp-block-heading\">\ud83d\udccc\u200b Santos Ochoa (Calvo Sotelo, 19. Logro\u00f1o)<\/h4>\n\n\n\n<p><strong>\u25b6\ufe0f Y en YouTube:<\/strong>&nbsp;<a href=\"https:\/\/www.youtube.com\/c\/SantosOchoaLibros\" target=\"_blank\" rel=\"noreferrer noopener\">youtube.com\/c\/SantosOchoaLibros<\/a><\/p>\n\n\n<div class=\"wp-block-image\">\n<figure class=\"alignright size-large is-resized\"><img loading=\"lazy\" decoding=\"async\" width=\"675\" height=\"1024\" src=\"https:\/\/blogs.santosochoa.es\/logrono\/wp-content\/uploads\/sites\/2\/2026\/03\/tierra-roja_Pepe_Muller-675x1024.jpg\" alt=\"\" class=\"wp-image-5122\" style=\"width:100px\" srcset=\"https:\/\/blogs.santosochoa.es\/logrono\/wp-content\/uploads\/sites\/2\/2026\/03\/tierra-roja_Pepe_Muller-675x1024.jpg 675w, https:\/\/blogs.santosochoa.es\/logrono\/wp-content\/uploads\/sites\/2\/2026\/03\/tierra-roja_Pepe_Muller-198x300.jpg 198w, https:\/\/blogs.santosochoa.es\/logrono\/wp-content\/uploads\/sites\/2\/2026\/03\/tierra-roja_Pepe_Muller.jpg 700w\" sizes=\"auto, (max-width: 675px) 100vw, 675px\" \/><\/figure>\n<\/div>\n\n\n<p>Con el escritor Francisco Mir y el poeta Santi Vivanco.<\/p>\n\n\n\n<p><strong>Arnault Leclerc, propietario de la legendaria bodega bordelesa Ch\u00e2teau Marchant, aparece colgado de una soga en su habitaci\u00f3n de hotel el d\u00eda en el que iba a recibir un homenaje por el \u00e9xito de sus vinos de parte de toda la comunidad enol\u00f3gica. Aparentemente se trata de un suicidio, pero Cristina Castillo, una periodista especializada, sospecha que hay gato encerrado. Comienza as\u00ed una investigaci\u00f3n que ir\u00e1 atrapando a Cristina en una peligrosa tela de ara\u00f1a que envuelve las miserias y los secretos del mundo del vino.<\/strong><\/p>\n\n\n\n<div style=\"height:30px\" aria-hidden=\"true\" class=\"wp-block-spacer\"><\/div>\n\n\n\n<h2 class=\"wp-block-heading\"><strong>Ane Odriozola y <em>Al subir la marea.<\/em> Una familia rota por la ambici\u00f3n, la venganza y la muerte.<\/strong><\/h2>\n\n\n\n<h3 class=\"wp-block-heading\"><strong>\ud83d\udcc5\u200b <strong>Mi\u00e9rcoles 29 de abril | 19:00 h.<\/strong><\/strong><\/h3>\n\n\n\n<h4 class=\"wp-block-heading\">\ud83d\udccc\u200b Santos Ochoa (Calvo Sotelo, 19. Logro\u00f1o)<\/h4>\n\n\n\n<p><strong>\u25b6\ufe0f Y en YouTube:<\/strong>&nbsp;<a href=\"https:\/\/www.youtube.com\/c\/SantosOchoaLibros\" target=\"_blank\" rel=\"noreferrer noopener\">youtube.com\/c\/SantosOchoaLibros<\/a><\/p>\n\n\n<div class=\"wp-block-image\">\n<figure class=\"alignright size-large is-resized\"><img loading=\"lazy\" decoding=\"async\" width=\"669\" height=\"1024\" src=\"https:\/\/blogs.santosochoa.es\/logrono\/wp-content\/uploads\/sites\/2\/2026\/03\/al-subir-la-marea_ane-odriozola-669x1024.jpg\" alt=\"\" class=\"wp-image-5130\" style=\"width:100px\" srcset=\"https:\/\/blogs.santosochoa.es\/logrono\/wp-content\/uploads\/sites\/2\/2026\/03\/al-subir-la-marea_ane-odriozola-669x1024.jpg 669w, https:\/\/blogs.santosochoa.es\/logrono\/wp-content\/uploads\/sites\/2\/2026\/03\/al-subir-la-marea_ane-odriozola-196x300.jpg 196w, https:\/\/blogs.santosochoa.es\/logrono\/wp-content\/uploads\/sites\/2\/2026\/03\/al-subir-la-marea_ane-odriozola.jpg 700w\" sizes=\"auto, (max-width: 669px) 100vw, 669px\" \/><\/figure>\n<\/div>\n\n\n<p>Con Mar A\u00edsa Poderoso y Rosa Blanco.<\/p>\n\n\n\n<p><strong>Zarauz, 1568.\u00a0Bartolom\u00e9 de Irigoyen, maestro astillero,\u00a0lucha por preservar su legado\u00a0tras el desastre sufrido en la construcci\u00f3n del gale\u00f3n m\u00e1s ambicioso de su carrera: la Santa Mar\u00eda. En un intento desesperado por salvar su negocio y el honor familiar, se adentra en una\u00a0vor\u00e1gine de cr\u00e9ditos, herencias y alianzas matrimoniales, arrastrando consigo a sus dos hijos.<\/strong><\/p>\n\n\n\n<div style=\"height:30px\" aria-hidden=\"true\" class=\"wp-block-spacer\"><\/div>\n\n\n\n<div style=\"height:70px\" aria-hidden=\"true\" class=\"wp-block-spacer\"><\/div>\n\n\n\n<h3 class=\"wp-block-heading\"><strong>\u00bfC\u00f3mo participar?<\/strong><\/h3>\n\n\n\n<p>Muy sencillo, esta es una actividad abierta: puedes asistir libremente a una charla, a algunas o a todas, lo que prefieras. No hace falta apuntarse, pero si lo haces, te avisamos por email de la siguiente cita.<\/p>\n\n\n\n<h3 class=\"wp-block-heading\"><strong>\u00bfTe apuntas?<\/strong><\/h3>\n\n\n\n<p><strong><a rel=\"noreferrer noopener\" href=\"https:\/\/goo.gl\/forms\/R9MrZdatLBzGTdcg2\" target=\"_blank\">Pincha aqu\u00ed y rellena el formulario<\/a><\/strong><\/p>\n\n\n\n<p><br><\/p>\n","protected":false},"excerpt":{"rendered":"<p>Charla con el Autor es un encuentro en el que comentamos novelas de diferentes g\u00e9neros, conocemos a escritores consagrados o descubrimos nuevos talentos.<\/p>\n","protected":false},"author":1,"featured_media":5116,"parent":0,"menu_order":0,"comment_status":"closed","ping_status":"closed","template":"page-template-post.php","meta":{"footnotes":""},"class_list":["post-604","page","type-page","status-publish","has-post-thumbnail","hentry"],"yoast_head":"<!-- This site is optimized with the Yoast SEO plugin v27.2 - https:\/\/yoast.com\/product\/yoast-seo-wordpress\/ -->\n<title>[Charla con el Autor] - Santos Ochoa Logro\u00f1o<\/title>\n<meta name=\"description\" content=\"Charla con el Autor es un encuentro en el que comentamos novelas de diferentes g\u00e9neros, conocemos a escritores consagrados o descubrimos nuevos talentos.\" \/>\n<meta name=\"robots\" content=\"index, follow, max-snippet:-1, max-image-preview:large, max-video-preview:-1\" \/>\n<link rel=\"canonical\" href=\"https:\/\/blogs.santosochoa.es\/logrono\/charla-con-el-autor\/\" \/>\n<meta property=\"og:locale\" content=\"es_ES\" \/>\n<meta property=\"og:type\" content=\"article\" \/>\n<meta property=\"og:title\" content=\"[Charla con el Autor] - Santos Ochoa Logro\u00f1o\" \/>\n<meta property=\"og:description\" content=\"Charla con el Autor es un encuentro en el que comentamos novelas de diferentes g\u00e9neros, conocemos a escritores consagrados o descubrimos nuevos talentos.\" \/>\n<meta property=\"og:url\" content=\"https:\/\/blogs.santosochoa.es\/logrono\/charla-con-el-autor\/\" \/>\n<meta property=\"og:site_name\" content=\"Santos Ochoa Logro\u00f1o\" \/>\n<meta property=\"article:modified_time\" content=\"2026-03-24T12:54:29+00:00\" \/>\n<meta property=\"og:image\" content=\"https:\/\/blogs.santosochoa.es\/logrono\/wp-content\/uploads\/sites\/2\/2026\/03\/la-hija_Sergio-Del-Molino.jpg\" \/>\n\t<meta property=\"og:image:width\" content=\"700\" \/>\n\t<meta property=\"og:image:height\" content=\"1107\" \/>\n\t<meta property=\"og:image:type\" content=\"image\/jpeg\" \/>\n<meta name=\"twitter:card\" content=\"summary_large_image\" \/>\n<meta name=\"twitter:label1\" content=\"Est. reading time\" \/>\n\t<meta name=\"twitter:data1\" content=\"5 minutos\" \/>\n<script type=\"application\/ld+json\" class=\"yoast-schema-graph\">{\"@context\":\"https:\/\/schema.org\",\"@graph\":[{\"@type\":\"WebPage\",\"@id\":\"https:\/\/blogs.santosochoa.es\/logrono\/charla-con-el-autor\/\",\"url\":\"https:\/\/blogs.santosochoa.es\/logrono\/charla-con-el-autor\/\",\"name\":\"[Charla con el Autor] - Santos Ochoa Logro\u00f1o\",\"isPartOf\":{\"@id\":\"https:\/\/blogs.santosochoa.es\/logrono\/#website\"},\"primaryImageOfPage\":{\"@id\":\"https:\/\/blogs.santosochoa.es\/logrono\/charla-con-el-autor\/#primaryimage\"},\"image\":{\"@id\":\"https:\/\/blogs.santosochoa.es\/logrono\/charla-con-el-autor\/#primaryimage\"},\"thumbnailUrl\":\"https:\/\/blogs.santosochoa.es\/logrono\/wp-content\/uploads\/sites\/2\/2026\/03\/la-hija_Sergio-Del-Molino.jpg\",\"datePublished\":\"2018-10-17T14:11:48+00:00\",\"dateModified\":\"2026-03-24T12:54:29+00:00\",\"description\":\"Charla con el Autor es un encuentro en el que comentamos novelas de diferentes g\u00e9neros, conocemos a escritores consagrados o descubrimos nuevos talentos.\",\"breadcrumb\":{\"@id\":\"https:\/\/blogs.santosochoa.es\/logrono\/charla-con-el-autor\/#breadcrumb\"},\"inLanguage\":\"es\",\"potentialAction\":[{\"@type\":\"ReadAction\",\"target\":[\"https:\/\/blogs.santosochoa.es\/logrono\/charla-con-el-autor\/\"]}]},{\"@type\":\"ImageObject\",\"inLanguage\":\"es\",\"@id\":\"https:\/\/blogs.santosochoa.es\/logrono\/charla-con-el-autor\/#primaryimage\",\"url\":\"https:\/\/blogs.santosochoa.es\/logrono\/wp-content\/uploads\/sites\/2\/2026\/03\/la-hija_Sergio-Del-Molino.jpg\",\"contentUrl\":\"https:\/\/blogs.santosochoa.es\/logrono\/wp-content\/uploads\/sites\/2\/2026\/03\/la-hija_Sergio-Del-Molino.jpg\",\"width\":700,\"height\":1107},{\"@type\":\"BreadcrumbList\",\"@id\":\"https:\/\/blogs.santosochoa.es\/logrono\/charla-con-el-autor\/#breadcrumb\",\"itemListElement\":[{\"@type\":\"ListItem\",\"position\":1,\"name\":\"Home\",\"item\":\"https:\/\/blogs.santosochoa.es\/logrono\/\"},{\"@type\":\"ListItem\",\"position\":2,\"name\":\"[Charla con el Autor]\"}]},{\"@type\":\"WebSite\",\"@id\":\"https:\/\/blogs.santosochoa.es\/logrono\/#website\",\"url\":\"https:\/\/blogs.santosochoa.es\/logrono\/\",\"name\":\"Santos Ochoa Logro\u00f1o\",\"description\":\"Tu Librer\u00eda Online\",\"potentialAction\":[{\"@type\":\"SearchAction\",\"target\":{\"@type\":\"EntryPoint\",\"urlTemplate\":\"https:\/\/blogs.santosochoa.es\/logrono\/?s={search_term_string}\"},\"query-input\":{\"@type\":\"PropertyValueSpecification\",\"valueRequired\":true,\"valueName\":\"search_term_string\"}}],\"inLanguage\":\"es\"}]}<\/script>\n<!-- \/ Yoast SEO plugin. -->","yoast_head_json":{"title":"[Charla con el Autor] - Santos Ochoa Logro\u00f1o","description":"Charla con el Autor es un encuentro en el que comentamos novelas de diferentes g\u00e9neros, conocemos a escritores consagrados o descubrimos nuevos talentos.","robots":{"index":"index","follow":"follow","max-snippet":"max-snippet:-1","max-image-preview":"max-image-preview:large","max-video-preview":"max-video-preview:-1"},"canonical":"https:\/\/blogs.santosochoa.es\/logrono\/charla-con-el-autor\/","og_locale":"es_ES","og_type":"article","og_title":"[Charla con el Autor] - Santos Ochoa Logro\u00f1o","og_description":"Charla con el Autor es un encuentro en el que comentamos novelas de diferentes g\u00e9neros, conocemos a escritores consagrados o descubrimos nuevos talentos.","og_url":"https:\/\/blogs.santosochoa.es\/logrono\/charla-con-el-autor\/","og_site_name":"Santos Ochoa Logro\u00f1o","article_modified_time":"2026-03-24T12:54:29+00:00","og_image":[{"width":700,"height":1107,"url":"https:\/\/blogs.santosochoa.es\/logrono\/wp-content\/uploads\/sites\/2\/2026\/03\/la-hija_Sergio-Del-Molino.jpg","type":"image\/jpeg"}],"twitter_card":"summary_large_image","twitter_misc":{"Est. reading time":"5 minutos"},"schema":{"@context":"https:\/\/schema.org","@graph":[{"@type":"WebPage","@id":"https:\/\/blogs.santosochoa.es\/logrono\/charla-con-el-autor\/","url":"https:\/\/blogs.santosochoa.es\/logrono\/charla-con-el-autor\/","name":"[Charla con el Autor] - Santos Ochoa Logro\u00f1o","isPartOf":{"@id":"https:\/\/blogs.santosochoa.es\/logrono\/#website"},"primaryImageOfPage":{"@id":"https:\/\/blogs.santosochoa.es\/logrono\/charla-con-el-autor\/#primaryimage"},"image":{"@id":"https:\/\/blogs.santosochoa.es\/logrono\/charla-con-el-autor\/#primaryimage"},"thumbnailUrl":"https:\/\/blogs.santosochoa.es\/logrono\/wp-content\/uploads\/sites\/2\/2026\/03\/la-hija_Sergio-Del-Molino.jpg","datePublished":"2018-10-17T14:11:48+00:00","dateModified":"2026-03-24T12:54:29+00:00","description":"Charla con el Autor es un encuentro en el que comentamos novelas de diferentes g\u00e9neros, conocemos a escritores consagrados o descubrimos nuevos talentos.","breadcrumb":{"@id":"https:\/\/blogs.santosochoa.es\/logrono\/charla-con-el-autor\/#breadcrumb"},"inLanguage":"es","potentialAction":[{"@type":"ReadAction","target":["https:\/\/blogs.santosochoa.es\/logrono\/charla-con-el-autor\/"]}]},{"@type":"ImageObject","inLanguage":"es","@id":"https:\/\/blogs.santosochoa.es\/logrono\/charla-con-el-autor\/#primaryimage","url":"https:\/\/blogs.santosochoa.es\/logrono\/wp-content\/uploads\/sites\/2\/2026\/03\/la-hija_Sergio-Del-Molino.jpg","contentUrl":"https:\/\/blogs.santosochoa.es\/logrono\/wp-content\/uploads\/sites\/2\/2026\/03\/la-hija_Sergio-Del-Molino.jpg","width":700,"height":1107},{"@type":"BreadcrumbList","@id":"https:\/\/blogs.santosochoa.es\/logrono\/charla-con-el-autor\/#breadcrumb","itemListElement":[{"@type":"ListItem","position":1,"name":"Home","item":"https:\/\/blogs.santosochoa.es\/logrono\/"},{"@type":"ListItem","position":2,"name":"[Charla con el Autor]"}]},{"@type":"WebSite","@id":"https:\/\/blogs.santosochoa.es\/logrono\/#website","url":"https:\/\/blogs.santosochoa.es\/logrono\/","name":"Santos Ochoa Logro\u00f1o","description":"Tu Librer\u00eda Online","potentialAction":[{"@type":"SearchAction","target":{"@type":"EntryPoint","urlTemplate":"https:\/\/blogs.santosochoa.es\/logrono\/?s={search_term_string}"},"query-input":{"@type":"PropertyValueSpecification","valueRequired":true,"valueName":"search_term_string"}}],"inLanguage":"es"}]}},"_links":{"self":[{"href":"https:\/\/blogs.santosochoa.es\/logrono\/wp-json\/wp\/v2\/pages\/604","targetHints":{"allow":["GET"]}}],"collection":[{"href":"https:\/\/blogs.santosochoa.es\/logrono\/wp-json\/wp\/v2\/pages"}],"about":[{"href":"https:\/\/blogs.santosochoa.es\/logrono\/wp-json\/wp\/v2\/types\/page"}],"author":[{"embeddable":true,"href":"https:\/\/blogs.santosochoa.es\/logrono\/wp-json\/wp\/v2\/users\/1"}],"replies":[{"embeddable":true,"href":"https:\/\/blogs.santosochoa.es\/logrono\/wp-json\/wp\/v2\/comments?post=604"}],"version-history":[{"count":190,"href":"https:\/\/blogs.santosochoa.es\/logrono\/wp-json\/wp\/v2\/pages\/604\/revisions"}],"predecessor-version":[{"id":5136,"href":"https:\/\/blogs.santosochoa.es\/logrono\/wp-json\/wp\/v2\/pages\/604\/revisions\/5136"}],"wp:featuredmedia":[{"embeddable":true,"href":"https:\/\/blogs.santosochoa.es\/logrono\/wp-json\/wp\/v2\/media\/5116"}],"wp:attachment":[{"href":"https:\/\/blogs.santosochoa.es\/logrono\/wp-json\/wp\/v2\/media?parent=604"}],"curies":[{"name":"wp","href":"https:\/\/api.w.org\/{rel}","templated":true}]}}